{"id":2,"date":"2024-04-01T07:24:32","date_gmt":"2024-04-01T05:24:32","guid":{"rendered":"http:\/\/bobcars.net\/?page_id=2"},"modified":"2024-04-03T19:35:17","modified_gmt":"2024-04-03T17:35:17","slug":"kontakt","status":"publish","type":"page","link":"https:\/\/bobcars.net\/?page_id=2","title":{"rendered":"Kontakt"},"content":{"rendered":"\t\t<div data-elementor-type=\"wp-page\" data-elementor-id=\"2\" class=\"elementor elementor-2\">\n\t\t\t\t<div class=\"elementor-element elementor-element-9737320 e-flex e-con-boxed e-con e-parent\" data-id=\"9737320\" data-element_type=\"container\" data-core-v316-plus=\"true\">\n\t\t\t\t\t<div class=\"e-con-inner\">\n\t\t\t\t<div class=\"elementor-element elementor-element-fdcfe74 elementor-widget elementor-widget-heading\" data-id=\"fdcfe74\" data-element_type=\"widget\" data-widget_type=\"heading.default\">\n\t\t\t\t<div class=\"elementor-widget-container\">\n\t\t\t<style>\/*! elementor - v3.20.0 - 26-03-2024 *\/\n.elementor-heading-title{padding:0;margin:0;line-height:1}.elementor-widget-heading .elementor-heading-title[class*=elementor-size-]>a{color:inherit;font-size:inherit;line-height:inherit}.elementor-widget-heading .elementor-heading-title.elementor-size-small{font-size:15px}.elementor-widget-heading .elementor-heading-title.elementor-size-medium{font-size:19px}.elementor-widget-heading .elementor-heading-title.elementor-size-large{font-size:29px}.elementor-widget-heading .elementor-heading-title.elementor-size-xl{font-size:39px}.elementor-widget-heading .elementor-heading-title.elementor-size-xxl{font-size:59px}<\/style><h2 class=\"elementor-heading-title elementor-size-default\">Do\u0142\u0105cz do Rodziny BobCars Dzisiaj!<\/h2>\t\t<\/div>\n\t\t\t\t<\/div>\n\t\t\t\t\t<\/div>\n\t\t\t\t<\/div>\n\t\t<div class=\"elementor-element elementor-element-dd128b6 e-flex e-con-boxed e-con e-parent\" data-id=\"dd128b6\" data-element_type=\"container\" data-core-v316-plus=\"true\">\n\t\t\t\t\t<div class=\"e-con-inner\">\n\t\t\t\t<div class=\"elementor-element elementor-element-49dac42 elementor-widget elementor-widget-text-editor\" data-id=\"49dac42\" data-element_type=\"widget\" data-widget_type=\"text-editor.default\">\n\t\t\t\t<div class=\"elementor-widget-container\">\n\t\t\t<style>\/*! elementor - v3.20.0 - 26-03-2024 *\/\n.elementor-widget-text-editor.elementor-drop-cap-view-stacked .elementor-drop-cap{background-color:#69727d;color:#fff}.elementor-widget-text-editor.elementor-drop-cap-view-framed .elementor-drop-cap{color:#69727d;border:3px solid;background-color:transparent}.elementor-widget-text-editor:not(.elementor-drop-cap-view-default) .elementor-drop-cap{margin-top:8px}.elementor-widget-text-editor:not(.elementor-drop-cap-view-default) .elementor-drop-cap-letter{width:1em;height:1em}.elementor-widget-text-editor .elementor-drop-cap{float:left;text-align:center;line-height:1;font-size:50px}.elementor-widget-text-editor .elementor-drop-cap-letter{display:inline-block}<\/style>\t\t\t\t<p>Masz pytania lub chcesz um\u00f3wi\u0107 si\u0119 na jazd\u0119 pr\u00f3bn\u0105? Skontaktuj si\u0119 z nami! Nasi przyja\u017ani i kompetentni doradcy s\u0105 gotowi odpowiedzie\u0107 na wszystkie Twoje pytania i pom\u00f3c znale\u017a\u0107 idealne rozwi\u0105zanie motoryzacyjne.<\/p>\t\t\t\t\t\t<\/div>\n\t\t\t\t<\/div>\n\t\t\t\t\t<\/div>\n\t\t\t\t<\/div>\n\t\t<div class=\"elementor-element elementor-element-da1d821 e-con-full e-flex e-con e-parent\" data-id=\"da1d821\" data-element_type=\"container\" data-core-v316-plus=\"true\">\n\t\t<div class=\"elementor-element elementor-element-7393c7b e-con-full e-flex e-con e-child\" data-id=\"7393c7b\" data-element_type=\"container\">\n\t\t\t\t<div class=\"elementor-element elementor-element-b2601f6 elementor-widget elementor-widget-heading\" data-id=\"b2601f6\" data-element_type=\"widget\" data-widget_type=\"heading.default\">\n\t\t\t\t<div class=\"elementor-widget-container\">\n\t\t\t<h4 class=\"elementor-heading-title elementor-size-default\">Skontaktuj si\u0119 z nami<br>\n<bt>\n<br>\n<u>E-mail:<\/u>  info@bobcars.net\n<br>\n<br>\n<u>Telefon:<\/u> 609 800 955\n<br>\n<br>\n<u>Adres:<\/u> 34-300 \u017bywiec ul.Weso\u0142a 178<\/h4>\t\t<\/div>\n\t\t\t\t<\/div>\n\t\t\t\t<\/div>\n\t\t<div class=\"elementor-element elementor-element-b00c1c3 e-con-full e-flex e-con e-child\" data-id=\"b00c1c3\" data-element_type=\"container\">\n\t\t\t\t<div class=\"elementor-element elementor-element-143825a elementor-widget elementor-widget-google_maps\" data-id=\"143825a\" data-element_type=\"widget\" data-widget_type=\"google_maps.default\">\n\t\t\t\t<div class=\"elementor-widget-container\">\n\t\t\t<style>\/*! elementor - v3.20.0 - 26-03-2024 *\/\n.elementor-widget-google_maps .elementor-widget-container{overflow:hidden}.elementor-widget-google_maps .elementor-custom-embed{line-height:0}.elementor-widget-google_maps iframe{height:300px}<\/style>\t\t<div class=\"elementor-custom-embed\">\n\t\t\t<iframe loading=\"lazy\"\n\t\t\t\t\tsrc=\"https:\/\/maps.google.com\/maps?q=%C5%BBywiec%20weso%C5%82a%20178%2034-300&#038;t=m&#038;z=16&#038;output=embed&#038;iwloc=near\"\n\t\t\t\t\ttitle=\"\u017bywiec weso\u0142a 178 34-300\"\n\t\t\t\t\taria-label=\"\u017bywiec weso\u0142a 178 34-300\"\n\t\t\t><\/iframe>\n\t\t<\/div>\n\t\t\t\t<\/div>\n\t\t\t\t<\/div>\n\t\t\t\t<\/div>\n\t\t\t\t<\/div>\n\t\t\t\t<\/div>\n\t\t","protected":false},"excerpt":{"rendered":"<p>Do\u0142\u0105cz do Rodziny BobCars Dzisiaj! Masz pytania lub chcesz um\u00f3wi\u0107 si\u0119 na jazd\u0119 pr\u00f3bn\u0105? Skontaktuj si\u0119 z nami! Nasi przyja\u017ani i kompetentni doradcy s\u0105 gotowi odpowiedzie\u0107 na wszystkie Twoje pytania i pom\u00f3c znale\u017a\u0107 idealne rozwi\u0105zanie motoryzacyjne. Skontaktuj si\u0119 z nami E-mail: info@bobcars.net Telefon: 609 800 955 Adres: 34-300 \u017bywiec ul.Weso\u0142a 178<\/p>\n","protected":false},"author":1,"featured_media":0,"parent":0,"menu_order":0,"comment_status":"closed","ping_status":"closed","template":"","meta":{"footnotes":""},"class_list":["post-2","page","type-page","status-publish","hentry"],"_links":{"self":[{"href":"https:\/\/bobcars.net\/index.php?rest_route=\/wp\/v2\/pages\/2","targetHints":{"allow":["GET"]}}],"collection":[{"href":"https:\/\/bobcars.net\/index.php?rest_route=\/wp\/v2\/pages"}],"about":[{"href":"https:\/\/bobcars.net\/index.php?rest_route=\/wp\/v2\/types\/page"}],"author":[{"embeddable":true,"href":"https:\/\/bobcars.net\/index.php?rest_route=\/wp\/v2\/users\/1"}],"replies":[{"embeddable":true,"href":"https:\/\/bobcars.net\/index.php?rest_route=%2Fwp%2Fv2%2Fcomments&post=2"}],"version-history":[{"count":28,"href":"https:\/\/bobcars.net\/index.php?rest_route=\/wp\/v2\/pages\/2\/revisions"}],"predecessor-version":[{"id":729,"href":"https:\/\/bobcars.net\/index.php?rest_route=\/wp\/v2\/pages\/2\/revisions\/729"}],"wp:attachment":[{"href":"https:\/\/bobcars.net\/index.php?rest_route=%2Fwp%2Fv2%2Fmedia&parent=2"}],"curies":[{"name":"wp","href":"https:\/\/api.w.org\/{rel}","templated":true}]}}